{"id":312,"date":"2025-08-04T13:56:04","date_gmt":"2025-08-04T11:56:04","guid":{"rendered":"https:\/\/mentorafarma.com\/vetcare\/?page_id=312"},"modified":"2025-10-28T09:42:40","modified_gmt":"2025-10-28T08:42:40","slug":"lead-magnet-1","status":"publish","type":"page","link":"https:\/\/mentorafarma.com\/vetcare\/lead-magnet-1\/","title":{"rendered":"Lead magnet 1 &#8211; Test"},"content":{"rendered":"\t\t<div data-elementor-type=\"wp-page\" data-elementor-id=\"312\" class=\"elementor elementor-312\" data-elementor-post-type=\"page\">\n\t\t\t\t<div class=\"elementor-element elementor-element-ac68a2e e-flex e-con-boxed e-con e-parent\" data-id=\"ac68a2e\" data-element_type=\"container\" data-settings=\"{&quot;jet_parallax_layout_list&quot;:[],&quot;background_background&quot;:&quot;classic&quot;,&quot;shape_divider_top&quot;:&quot;waves&quot;}\">\n\t\t\t\t\t<div class=\"e-con-inner\">\n\t\t\t\t<div class=\"elementor-shape elementor-shape-top\" aria-hidden=\"true\" data-negative=\"false\">\n\t\t\t<svg xmlns=\"http:\/\/www.w3.org\/2000\/svg\" viewBox=\"0 0 1000 100\" preserveAspectRatio=\"none\">\n\t<path class=\"elementor-shape-fill\" d=\"M421.9,6.5c22.6-2.5,51.5,0.4,75.5,5.3c23.6,4.9,70.9,23.5,100.5,35.7c75.8,32.2,133.7,44.5,192.6,49.7\n\tc23.6,2.1,48.7,3.5,103.4-2.5c54.7-6,106.2-25.6,106.2-25.6V0H0v30.3c0,0,72,32.6,158.4,30.5c39.2-0.7,92.8-6.7,134-22.4\n\tc21.2-8.1,52.2-18.2,79.7-24.2C399.3,7.9,411.6,7.5,421.9,6.5z\"\/>\n<\/svg>\t\t<\/div>\n\t\t\t\t<div class=\"elementor-element elementor-element-142390e elementor-widget elementor-widget-image\" data-id=\"142390e\" data-element_type=\"widget\" data-widget_type=\"image.default\">\n\t\t\t\t\t\t\t\t\t\t\t\t\t\t\t<img fetchpriority=\"high\" decoding=\"async\" width=\"800\" height=\"88\" src=\"https:\/\/mentorafarma.com\/vetcare\/wp-content\/uploads\/sites\/2\/2025\/08\/Lg_Mentora-VetCare_Hor-1T-Blanc-1024x112.png\" class=\"attachment-large size-large wp-image-384\" alt=\"\" srcset=\"https:\/\/mentorafarma.com\/vetcare\/wp-content\/uploads\/sites\/2\/2025\/08\/Lg_Mentora-VetCare_Hor-1T-Blanc-1024x112.png 1024w, https:\/\/mentorafarma.com\/vetcare\/wp-content\/uploads\/sites\/2\/2025\/08\/Lg_Mentora-VetCare_Hor-1T-Blanc-300x33.png 300w, https:\/\/mentorafarma.com\/vetcare\/wp-content\/uploads\/sites\/2\/2025\/08\/Lg_Mentora-VetCare_Hor-1T-Blanc-768x84.png 768w, https:\/\/mentorafarma.com\/vetcare\/wp-content\/uploads\/sites\/2\/2025\/08\/Lg_Mentora-VetCare_Hor-1T-Blanc-1536x167.png 1536w, https:\/\/mentorafarma.com\/vetcare\/wp-content\/uploads\/sites\/2\/2025\/08\/Lg_Mentora-VetCare_Hor-1T-Blanc-2048x223.png 2048w\" sizes=\"(max-width: 800px) 100vw, 800px\" \/>\t\t\t\t\t\t\t\t\t\t\t\t\t\t\t<\/div>\n\t\t\t\t\t<\/div>\n\t\t\t\t<\/div>\n\t\t<div class=\"elementor-element elementor-element-d92ef4b e-flex e-con-boxed e-con e-parent\" data-id=\"d92ef4b\" data-element_type=\"container\" data-settings=\"{&quot;jet_parallax_layout_list&quot;:[],&quot;background_background&quot;:&quot;classic&quot;,&quot;shape_divider_top&quot;:&quot;waves&quot;}\">\n\t\t\t\t\t<div class=\"e-con-inner\">\n\t\t\t\t<div class=\"elementor-shape elementor-shape-top\" aria-hidden=\"true\" data-negative=\"false\">\n\t\t\t<svg xmlns=\"http:\/\/www.w3.org\/2000\/svg\" viewBox=\"0 0 1000 100\" preserveAspectRatio=\"none\">\n\t<path class=\"elementor-shape-fill\" d=\"M421.9,6.5c22.6-2.5,51.5,0.4,75.5,5.3c23.6,4.9,70.9,23.5,100.5,35.7c75.8,32.2,133.7,44.5,192.6,49.7\n\tc23.6,2.1,48.7,3.5,103.4-2.5c54.7-6,106.2-25.6,106.2-25.6V0H0v30.3c0,0,72,32.6,158.4,30.5c39.2-0.7,92.8-6.7,134-22.4\n\tc21.2-8.1,52.2-18.2,79.7-24.2C399.3,7.9,411.6,7.5,421.9,6.5z\"\/>\n<\/svg>\t\t<\/div>\n\t\t\t\t\t<\/div>\n\t\t\t\t<\/div>\n\t\t<div class=\"elementor-element elementor-element-5872565 e-flex e-con-boxed e-con e-parent\" data-id=\"5872565\" data-element_type=\"container\" data-settings=\"{&quot;jet_parallax_layout_list&quot;:[],&quot;shape_divider_top&quot;:&quot;waves&quot;,&quot;background_background&quot;:&quot;classic&quot;}\">\n\t\t\t\t\t<div class=\"e-con-inner\">\n\t\t\t\t<div class=\"elementor-shape elementor-shape-top\" aria-hidden=\"true\" data-negative=\"false\">\n\t\t\t<svg xmlns=\"http:\/\/www.w3.org\/2000\/svg\" viewBox=\"0 0 1000 100\" preserveAspectRatio=\"none\">\n\t<path class=\"elementor-shape-fill\" d=\"M421.9,6.5c22.6-2.5,51.5,0.4,75.5,5.3c23.6,4.9,70.9,23.5,100.5,35.7c75.8,32.2,133.7,44.5,192.6,49.7\n\tc23.6,2.1,48.7,3.5,103.4-2.5c54.7-6,106.2-25.6,106.2-25.6V0H0v30.3c0,0,72,32.6,158.4,30.5c39.2-0.7,92.8-6.7,134-22.4\n\tc21.2-8.1,52.2-18.2,79.7-24.2C399.3,7.9,411.6,7.5,421.9,6.5z\"\/>\n<\/svg>\t\t<\/div>\n\t\t\t\t<div class=\"elementor-element elementor-element-3c37c08 elementor-widget elementor-widget-spacer\" data-id=\"3c37c08\" data-element_type=\"widget\" data-widget_type=\"spacer.default\">\n\t\t\t\t\t\t\t<div class=\"elementor-spacer\">\n\t\t\t<div class=\"elementor-spacer-inner\"><\/div>\n\t\t<\/div>\n\t\t\t\t\t\t<\/div>\n\t\t\t\t<div class=\"elementor-element elementor-element-c66ba94 elementor-widget elementor-widget-heading\" data-id=\"c66ba94\" data-element_type=\"widget\" data-widget_type=\"heading.default\">\n\t\t\t\t\t<h1 class=\"elementor-heading-title elementor-size-default\">Desc\u00fabre si est\u00e1s preparado para  enfrentarte a la Salud animal en tu farmacia<\/h1>\t\t\t\t<\/div>\n\t\t\t\t<div class=\"elementor-element elementor-element-41a3571 elementor-widget elementor-widget-heading\" data-id=\"41a3571\" data-element_type=\"widget\" data-widget_type=\"heading.default\">\n\t\t\t\t\t<h2 class=\"elementor-heading-title elementor-size-default\">Rellena el formulario en 2 minutos y recibir\u00e1s:<\/h2>\t\t\t\t<\/div>\n\t\t\t\t<div class=\"elementor-element elementor-element-ebccf47 elementor-mobile-align-left elementor-widget__width-initial elementor-icon-list--layout-traditional elementor-list-item-link-full_width elementor-widget elementor-widget-icon-list\" data-id=\"ebccf47\" data-element_type=\"widget\" data-widget_type=\"icon-list.default\">\n\t\t\t\t\t\t\t<ul class=\"elementor-icon-list-items\">\n\t\t\t\t\t\t\t<li class=\"elementor-icon-list-item\">\n\t\t\t\t\t\t\t\t\t\t\t<span class=\"elementor-icon-list-icon\">\n\t\t\t\t\t\t\t<svg aria-hidden=\"true\" class=\"e-font-icon-svg e-fas-check\" viewBox=\"0 0 512 512\" xmlns=\"http:\/\/www.w3.org\/2000\/svg\"><path d=\"M173.898 439.404l-166.4-166.4c-9.997-9.997-9.997-26.206 0-36.204l36.203-36.204c9.997-9.998 26.207-9.998 36.204 0L192 312.69 432.095 72.596c9.997-9.997 26.207-9.997 36.204 0l36.203 36.204c9.997 9.997 9.997 26.206 0 36.204l-294.4 294.401c-9.998 9.997-26.207 9.997-36.204-.001z\"><\/path><\/svg>\t\t\t\t\t\t<\/span>\n\t\t\t\t\t\t\t\t\t\t<span class=\"elementor-icon-list-text\">Te diremos la puntuaci\u00f3n que obtienes.<\/span>\n\t\t\t\t\t\t\t\t\t<\/li>\n\t\t\t\t\t\t\t\t<li class=\"elementor-icon-list-item\">\n\t\t\t\t\t\t\t\t\t\t\t<span class=\"elementor-icon-list-icon\">\n\t\t\t\t\t\t\t<svg aria-hidden=\"true\" class=\"e-font-icon-svg e-fas-check\" viewBox=\"0 0 512 512\" xmlns=\"http:\/\/www.w3.org\/2000\/svg\"><path d=\"M173.898 439.404l-166.4-166.4c-9.997-9.997-9.997-26.206 0-36.204l36.203-36.204c9.997-9.998 26.207-9.998 36.204 0L192 312.69 432.095 72.596c9.997-9.997 26.207-9.997 36.204 0l36.203 36.204c9.997 9.997 9.997 26.206 0 36.204l-294.4 294.401c-9.998 9.997-26.207 9.997-36.204-.001z\"><\/path><\/svg>\t\t\t\t\t\t<\/span>\n\t\t\t\t\t\t\t\t\t\t<span class=\"elementor-icon-list-text\">Regalo de la gu\u00eda PDF: Los 8 productos m\u00e1s vendidos en salud animal<\/span>\n\t\t\t\t\t\t\t\t\t<\/li>\n\t\t\t\t\t\t<\/ul>\n\t\t\t\t\t\t<\/div>\n\t\t\t\t<div class=\"elementor-element elementor-element-1d4a02a elementor-view-default elementor-widget elementor-widget-icon\" data-id=\"1d4a02a\" data-element_type=\"widget\" data-widget_type=\"icon.default\">\n\t\t\t\t\t\t\t<div class=\"elementor-icon-wrapper\">\n\t\t\t<div class=\"elementor-icon\">\n\t\t\t<svg aria-hidden=\"true\" class=\"e-font-icon-svg e-fas-angle-down\" viewBox=\"0 0 320 512\" xmlns=\"http:\/\/www.w3.org\/2000\/svg\"><path d=\"M143 352.3L7 216.3c-9.4-9.4-9.4-24.6 0-33.9l22.6-22.6c9.4-9.4 24.6-9.4 33.9 0l96.4 96.4 96.4-96.4c9.4-9.4 24.6-9.4 33.9 0l22.6 22.6c9.4 9.4 9.4 24.6 0 33.9l-136 136c-9.2 9.4-24.4 9.4-33.8 0z\"><\/path><\/svg>\t\t\t<\/div>\n\t\t<\/div>\n\t\t\t\t\t\t<\/div>\n\t\t\t\t<div class=\"elementor-element elementor-element-2c03e2e elementor-widget__width-initial elementor-invisible elementor-widget elementor-widget-html\" data-id=\"2c03e2e\" data-element_type=\"widget\" id=\"test\" data-settings=\"{&quot;_animation&quot;:&quot;fadeInUp&quot;}\" data-widget_type=\"html.default\">\n\t\t\t\t\t<div data-paperform-id=\"test-dispensar-salud-animal\"><\/div><script>(function() {var script = document.createElement('script'); script.src = \"https:\/\/paperform.co\/__embed.min.js\"; document.body.appendChild(script); })()<\/script>\t\t\t\t<\/div>\n\t\t\t\t<div class=\"elementor-element elementor-element-486bd0f elementor-widget elementor-widget-spacer\" data-id=\"486bd0f\" data-element_type=\"widget\" data-widget_type=\"spacer.default\">\n\t\t\t\t\t\t\t<div class=\"elementor-spacer\">\n\t\t\t<div class=\"elementor-spacer-inner\"><\/div>\n\t\t<\/div>\n\t\t\t\t\t\t<\/div>\n\t\t\t\t<div class=\"elementor-element elementor-element-6288fea elementor-widget__width-initial elementor-widget elementor-widget-image\" data-id=\"6288fea\" data-element_type=\"widget\" data-widget_type=\"image.default\">\n\t\t\t\t\t\t\t\t\t\t\t\t\t\t\t<img decoding=\"async\" width=\"724\" height=\"1024\" src=\"https:\/\/mentorafarma.com\/vetcare\/wp-content\/uploads\/sites\/2\/2025\/08\/guia-8productos-724x1024.png\" class=\"attachment-large size-large wp-image-379\" alt=\"\" srcset=\"https:\/\/mentorafarma.com\/vetcare\/wp-content\/uploads\/sites\/2\/2025\/08\/guia-8productos-724x1024.png 724w, https:\/\/mentorafarma.com\/vetcare\/wp-content\/uploads\/sites\/2\/2025\/08\/guia-8productos-212x300.png 212w, https:\/\/mentorafarma.com\/vetcare\/wp-content\/uploads\/sites\/2\/2025\/08\/guia-8productos-768x1086.png 768w, https:\/\/mentorafarma.com\/vetcare\/wp-content\/uploads\/sites\/2\/2025\/08\/guia-8productos.png 884w\" sizes=\"(max-width: 724px) 100vw, 724px\" \/>\t\t\t\t\t\t\t\t\t\t\t\t\t\t\t<\/div>\n\t\t\t\t<div class=\"elementor-element elementor-element-2c8686f elementor-widget elementor-widget-heading\" data-id=\"2c8686f\" data-element_type=\"widget\" data-widget_type=\"heading.default\">\n\t\t\t\t\t<h1 class=\"elementor-heading-title elementor-size-default\">\u00a1Te regalamos esta gu\u00eda cuando completes el test!<\/h1>\t\t\t\t<\/div>\n\t\t\t\t<div class=\"elementor-element elementor-element-ba89aa4 elementor-align-center elementor-mobile-align-center elementor-widget elementor-widget-button\" data-id=\"ba89aa4\" data-element_type=\"widget\" data-widget_type=\"button.default\">\n\t\t\t\t\t\t\t\t\t\t<a class=\"elementor-button elementor-button-link elementor-size-sm\" href=\"#test\">\n\t\t\t\t\t\t<span class=\"elementor-button-content-wrapper\">\n\t\t\t\t\t\t\t\t\t<span class=\"elementor-button-text\">Hacer el test<\/span>\n\t\t\t\t\t<\/span>\n\t\t\t\t\t<\/a>\n\t\t\t\t\t\t\t\t<\/div>\n\t\t\t\t<div class=\"elementor-element elementor-element-65444d6 elementor-widget elementor-widget-spacer\" data-id=\"65444d6\" data-element_type=\"widget\" data-widget_type=\"spacer.default\">\n\t\t\t\t\t\t\t<div class=\"elementor-spacer\">\n\t\t\t<div class=\"elementor-spacer-inner\"><\/div>\n\t\t<\/div>\n\t\t\t\t\t\t<\/div>\n\t\t\t\t\t<\/div>\n\t\t\t\t<\/div>\n\t\t<div class=\"elementor-element elementor-element-17017dd e-flex e-con-boxed e-con e-parent\" data-id=\"17017dd\" data-element_type=\"container\" data-settings=\"{&quot;background_background&quot;:&quot;classic&quot;,&quot;jet_parallax_layout_list&quot;:[]}\">\n\t\t\t\t\t<div class=\"e-con-inner\">\n\t\t\t\t<div class=\"elementor-element elementor-element-7a1e736 elementor-widget elementor-widget-image\" data-id=\"7a1e736\" data-element_type=\"widget\" data-widget_type=\"image.default\">\n\t\t\t\t\t\t\t\t\t\t\t\t\t\t\t<img decoding=\"async\" width=\"800\" height=\"243\" src=\"https:\/\/mentorafarma.com\/vetcare\/wp-content\/uploads\/sites\/2\/2025\/08\/Lg_Mentora-VetCare_Alt-2-1024x311.png\" class=\"attachment-large size-large wp-image-389\" alt=\"\" srcset=\"https:\/\/mentorafarma.com\/vetcare\/wp-content\/uploads\/sites\/2\/2025\/08\/Lg_Mentora-VetCare_Alt-2-1024x311.png 1024w, https:\/\/mentorafarma.com\/vetcare\/wp-content\/uploads\/sites\/2\/2025\/08\/Lg_Mentora-VetCare_Alt-2-300x91.png 300w, https:\/\/mentorafarma.com\/vetcare\/wp-content\/uploads\/sites\/2\/2025\/08\/Lg_Mentora-VetCare_Alt-2-768x234.png 768w, https:\/\/mentorafarma.com\/vetcare\/wp-content\/uploads\/sites\/2\/2025\/08\/Lg_Mentora-VetCare_Alt-2.png 1276w\" sizes=\"(max-width: 800px) 100vw, 800px\" \/>\t\t\t\t\t\t\t\t\t\t\t\t\t\t\t<\/div>\n\t\t\t\t\t<\/div>\n\t\t\t\t<\/div>\n\t\t\t\t<\/div>\n\t\t","protected":false},"excerpt":{"rendered":"<p>Desc\u00fabre si est\u00e1s preparado para enfrentarte a la Salud animal en tu farmacia Rellena el formulario en 2 minutos y recibir\u00e1s: Te diremos la puntuaci\u00f3n que obtienes. Regalo de la gu\u00eda PDF: Los 8 productos m\u00e1s vendidos en salud animal \u00a1Te regalamos esta gu\u00eda cuando completes el test! Hacer el test<\/p>\n","protected":false},"author":1,"featured_media":0,"parent":0,"menu_order":0,"comment_status":"closed","ping_status":"closed","template":"elementor_canvas","meta":{"footnotes":""},"class_list":["post-312","page","type-page","status-publish","hentry"],"yoast_head":"<!-- This site is optimized with the Yoast SEO plugin v25.6 - https:\/\/yoast.com\/wordpress\/plugins\/seo\/ -->\n<title>Lead magnet 1 - Test - VetCare<\/title>\n<meta name=\"robots\" content=\"noindex, follow\" \/>\n<meta property=\"og:locale\" content=\"es_ES\" \/>\n<meta property=\"og:type\" content=\"article\" \/>\n<meta property=\"og:title\" content=\"Lead magnet 1 - Test - VetCare\" \/>\n<meta property=\"og:description\" content=\"Desc\u00fabre si est\u00e1s preparado para enfrentarte a la Salud animal en tu farmacia Rellena el formulario en 2 minutos y recibir\u00e1s: Te diremos la puntuaci\u00f3n que obtienes. Regalo de la gu\u00eda PDF: Los 8 productos m\u00e1s vendidos en salud animal \u00a1Te regalamos esta gu\u00eda cuando completes el test! Hacer el test\" \/>\n<meta property=\"og:url\" content=\"https:\/\/mentorafarma.com\/vetcare\/lead-magnet-1\/\" \/>\n<meta property=\"og:site_name\" content=\"VetCare\" \/>\n<meta property=\"article:modified_time\" content=\"2025-10-28T08:42:40+00:00\" \/>\n<meta property=\"og:image\" content=\"https:\/\/mentorafarma.com\/vetcare\/wp-content\/uploads\/sites\/2\/2025\/08\/Lg_Mentora-VetCare_Hor-1T-Blanc-1024x112.png\" \/>\n<meta name=\"twitter:card\" content=\"summary_large_image\" \/>\n<meta name=\"twitter:label1\" content=\"Tiempo de lectura\" \/>\n\t<meta name=\"twitter:data1\" content=\"1 minuto\" \/>\n<script type=\"application\/ld+json\" class=\"yoast-schema-graph\">{\"@context\":\"https:\/\/schema.org\",\"@graph\":[{\"@type\":\"WebPage\",\"@id\":\"https:\/\/mentorafarma.com\/vetcare\/lead-magnet-1\/\",\"url\":\"https:\/\/mentorafarma.com\/vetcare\/lead-magnet-1\/\",\"name\":\"Lead magnet 1 - Test - VetCare\",\"isPartOf\":{\"@id\":\"https:\/\/mentorafarma.com\/vetcare\/#website\"},\"primaryImageOfPage\":{\"@id\":\"https:\/\/mentorafarma.com\/vetcare\/lead-magnet-1\/#primaryimage\"},\"image\":{\"@id\":\"https:\/\/mentorafarma.com\/vetcare\/lead-magnet-1\/#primaryimage\"},\"thumbnailUrl\":\"https:\/\/mentorafarma.com\/vetcare\/wp-content\/uploads\/sites\/2\/2025\/08\/Lg_Mentora-VetCare_Hor-1T-Blanc-1024x112.png\",\"datePublished\":\"2025-08-04T11:56:04+00:00\",\"dateModified\":\"2025-10-28T08:42:40+00:00\",\"breadcrumb\":{\"@id\":\"https:\/\/mentorafarma.com\/vetcare\/lead-magnet-1\/#breadcrumb\"},\"inLanguage\":\"es\",\"potentialAction\":[{\"@type\":\"ReadAction\",\"target\":[\"https:\/\/mentorafarma.com\/vetcare\/lead-magnet-1\/\"]}]},{\"@type\":\"ImageObject\",\"inLanguage\":\"es\",\"@id\":\"https:\/\/mentorafarma.com\/vetcare\/lead-magnet-1\/#primaryimage\",\"url\":\"https:\/\/mentorafarma.com\/vetcare\/wp-content\/uploads\/sites\/2\/2025\/08\/Lg_Mentora-VetCare_Hor-1T-Blanc-scaled.png\",\"contentUrl\":\"https:\/\/mentorafarma.com\/vetcare\/wp-content\/uploads\/sites\/2\/2025\/08\/Lg_Mentora-VetCare_Hor-1T-Blanc-scaled.png\",\"width\":2560,\"height\":279},{\"@type\":\"BreadcrumbList\",\"@id\":\"https:\/\/mentorafarma.com\/vetcare\/lead-magnet-1\/#breadcrumb\",\"itemListElement\":[{\"@type\":\"ListItem\",\"position\":1,\"name\":\"Vetcare\",\"item\":\"https:\/\/mentorafarma.com\/vetcare\/\"},{\"@type\":\"ListItem\",\"position\":2,\"name\":\"Lead magnet 1 &#8211; Test\"}]},{\"@type\":\"WebSite\",\"@id\":\"https:\/\/mentorafarma.com\/vetcare\/#website\",\"url\":\"https:\/\/mentorafarma.com\/vetcare\/\",\"name\":\"VetCare\",\"description\":\"\",\"publisher\":{\"@id\":\"https:\/\/mentorafarma.com\/vetcare\/#organization\"},\"potentialAction\":[{\"@type\":\"SearchAction\",\"target\":{\"@type\":\"EntryPoint\",\"urlTemplate\":\"https:\/\/mentorafarma.com\/vetcare\/?s={search_term_string}\"},\"query-input\":{\"@type\":\"PropertyValueSpecification\",\"valueRequired\":true,\"valueName\":\"search_term_string\"}}],\"inLanguage\":\"es\"},{\"@type\":\"Organization\",\"@id\":\"https:\/\/mentorafarma.com\/vetcare\/#organization\",\"name\":\"VetCare\",\"url\":\"https:\/\/mentorafarma.com\/vetcare\/\",\"logo\":{\"@type\":\"ImageObject\",\"inLanguage\":\"es\",\"@id\":\"https:\/\/mentorafarma.com\/vetcare\/#\/schema\/logo\/image\/\",\"url\":\"https:\/\/mentorafarma.com\/vetcare\/wp-content\/uploads\/sites\/2\/2025\/10\/logo-mentora-vetcare.png\",\"contentUrl\":\"https:\/\/mentorafarma.com\/vetcare\/wp-content\/uploads\/sites\/2\/2025\/10\/logo-mentora-vetcare.png\",\"width\":235,\"height\":54,\"caption\":\"VetCare\"},\"image\":{\"@id\":\"https:\/\/mentorafarma.com\/vetcare\/#\/schema\/logo\/image\/\"}}]}<\/script>\n<!-- \/ Yoast SEO plugin. -->","yoast_head_json":{"title":"Lead magnet 1 - Test - VetCare","robots":{"index":"noindex","follow":"follow"},"og_locale":"es_ES","og_type":"article","og_title":"Lead magnet 1 - Test - VetCare","og_description":"Desc\u00fabre si est\u00e1s preparado para enfrentarte a la Salud animal en tu farmacia Rellena el formulario en 2 minutos y recibir\u00e1s: Te diremos la puntuaci\u00f3n que obtienes. Regalo de la gu\u00eda PDF: Los 8 productos m\u00e1s vendidos en salud animal \u00a1Te regalamos esta gu\u00eda cuando completes el test! Hacer el test","og_url":"https:\/\/mentorafarma.com\/vetcare\/lead-magnet-1\/","og_site_name":"VetCare","article_modified_time":"2025-10-28T08:42:40+00:00","og_image":[{"url":"https:\/\/mentorafarma.com\/vetcare\/wp-content\/uploads\/sites\/2\/2025\/08\/Lg_Mentora-VetCare_Hor-1T-Blanc-1024x112.png","type":"","width":"","height":""}],"twitter_card":"summary_large_image","twitter_misc":{"Tiempo de lectura":"1 minuto"},"schema":{"@context":"https:\/\/schema.org","@graph":[{"@type":"WebPage","@id":"https:\/\/mentorafarma.com\/vetcare\/lead-magnet-1\/","url":"https:\/\/mentorafarma.com\/vetcare\/lead-magnet-1\/","name":"Lead magnet 1 - Test - VetCare","isPartOf":{"@id":"https:\/\/mentorafarma.com\/vetcare\/#website"},"primaryImageOfPage":{"@id":"https:\/\/mentorafarma.com\/vetcare\/lead-magnet-1\/#primaryimage"},"image":{"@id":"https:\/\/mentorafarma.com\/vetcare\/lead-magnet-1\/#primaryimage"},"thumbnailUrl":"https:\/\/mentorafarma.com\/vetcare\/wp-content\/uploads\/sites\/2\/2025\/08\/Lg_Mentora-VetCare_Hor-1T-Blanc-1024x112.png","datePublished":"2025-08-04T11:56:04+00:00","dateModified":"2025-10-28T08:42:40+00:00","breadcrumb":{"@id":"https:\/\/mentorafarma.com\/vetcare\/lead-magnet-1\/#breadcrumb"},"inLanguage":"es","potentialAction":[{"@type":"ReadAction","target":["https:\/\/mentorafarma.com\/vetcare\/lead-magnet-1\/"]}]},{"@type":"ImageObject","inLanguage":"es","@id":"https:\/\/mentorafarma.com\/vetcare\/lead-magnet-1\/#primaryimage","url":"https:\/\/mentorafarma.com\/vetcare\/wp-content\/uploads\/sites\/2\/2025\/08\/Lg_Mentora-VetCare_Hor-1T-Blanc-scaled.png","contentUrl":"https:\/\/mentorafarma.com\/vetcare\/wp-content\/uploads\/sites\/2\/2025\/08\/Lg_Mentora-VetCare_Hor-1T-Blanc-scaled.png","width":2560,"height":279},{"@type":"BreadcrumbList","@id":"https:\/\/mentorafarma.com\/vetcare\/lead-magnet-1\/#breadcrumb","itemListElement":[{"@type":"ListItem","position":1,"name":"Vetcare","item":"https:\/\/mentorafarma.com\/vetcare\/"},{"@type":"ListItem","position":2,"name":"Lead magnet 1 &#8211; Test"}]},{"@type":"WebSite","@id":"https:\/\/mentorafarma.com\/vetcare\/#website","url":"https:\/\/mentorafarma.com\/vetcare\/","name":"VetCare","description":"","publisher":{"@id":"https:\/\/mentorafarma.com\/vetcare\/#organization"},"potentialAction":[{"@type":"SearchAction","target":{"@type":"EntryPoint","urlTemplate":"https:\/\/mentorafarma.com\/vetcare\/?s={search_term_string}"},"query-input":{"@type":"PropertyValueSpecification","valueRequired":true,"valueName":"search_term_string"}}],"inLanguage":"es"},{"@type":"Organization","@id":"https:\/\/mentorafarma.com\/vetcare\/#organization","name":"VetCare","url":"https:\/\/mentorafarma.com\/vetcare\/","logo":{"@type":"ImageObject","inLanguage":"es","@id":"https:\/\/mentorafarma.com\/vetcare\/#\/schema\/logo\/image\/","url":"https:\/\/mentorafarma.com\/vetcare\/wp-content\/uploads\/sites\/2\/2025\/10\/logo-mentora-vetcare.png","contentUrl":"https:\/\/mentorafarma.com\/vetcare\/wp-content\/uploads\/sites\/2\/2025\/10\/logo-mentora-vetcare.png","width":235,"height":54,"caption":"VetCare"},"image":{"@id":"https:\/\/mentorafarma.com\/vetcare\/#\/schema\/logo\/image\/"}}]}},"_links":{"self":[{"href":"https:\/\/mentorafarma.com\/vetcare\/wp-json\/wp\/v2\/pages\/312","targetHints":{"allow":["GET"]}}],"collection":[{"href":"https:\/\/mentorafarma.com\/vetcare\/wp-json\/wp\/v2\/pages"}],"about":[{"href":"https:\/\/mentorafarma.com\/vetcare\/wp-json\/wp\/v2\/types\/page"}],"author":[{"embeddable":true,"href":"https:\/\/mentorafarma.com\/vetcare\/wp-json\/wp\/v2\/users\/1"}],"replies":[{"embeddable":true,"href":"https:\/\/mentorafarma.com\/vetcare\/wp-json\/wp\/v2\/comments?post=312"}],"version-history":[{"count":32,"href":"https:\/\/mentorafarma.com\/vetcare\/wp-json\/wp\/v2\/pages\/312\/revisions"}],"predecessor-version":[{"id":496,"href":"https:\/\/mentorafarma.com\/vetcare\/wp-json\/wp\/v2\/pages\/312\/revisions\/496"}],"wp:attachment":[{"href":"https:\/\/mentorafarma.com\/vetcare\/wp-json\/wp\/v2\/media?parent=312"}],"curies":[{"name":"wp","href":"https:\/\/api.w.org\/{rel}","templated":true}]}}